{"id":116,"date":"2026-02-19T08:05:02","date_gmt":"2026-02-19T08:05:02","guid":{"rendered":"https:\/\/thebojobox.nl\/?page_id=116"},"modified":"2026-02-19T08:14:28","modified_gmt":"2026-02-19T08:14:28","slug":"retourbeleid","status":"publish","type":"page","link":"https:\/\/thebojobox.nl\/?page_id=116","title":{"rendered":"Retourbeleid"},"content":{"rendered":"\n<h2 class=\"wp-block-heading\">Herroepingsrecht<\/h2>\n\n\n\n<p>Omdat wij bederfelijke voedingsmiddelen verkopen, geldt geen herroepingsrecht na levering.<\/p>\n\n\n\n<h2 class=\"wp-block-heading\">Annuleren<\/h2>\n\n\n\n<p>Annuleren is kosteloos mogelijk tot 24 uur v\u00f3\u00f3r verzending.<br>Binnen 24 uur v\u00f3\u00f3r verzending kan het volledige bedrag in rekening worden gebracht.<\/p>\n\n\n\n<h2 class=\"wp-block-heading\">Klachten<\/h2>\n\n\n\n<p>Klachten dienen binnen 24 uur na ontvangst gemeld te worden via <a>info@thebojobox.nl<\/a>, inclusief duidelijke foto\u2019s indien mogelijk.<\/p>\n\n\n\n<p>Wij zoeken altijd naar een passende oplossing.<\/p>\n","protected":false},"excerpt":{"rendered":"<p>Herroepingsrecht Omdat wij bederfelijke voedingsmiddelen verkopen, geldt geen herroepingsrecht na levering. Annuleren Annuleren is kosteloos mogelijk tot 24 uur v\u00f3\u00f3r verzending.Binnen 24 uur v\u00f3\u00f3r verzending kan het volledige bedrag in rekening worden gebracht. Klachten Klachten dienen binnen 24 uur na ontvangst gemeld te worden via info@thebojobox.nl, inclusief duidelijke foto\u2019s indien mogelijk. Wij zoeken altijd naar [&hellip;]<\/p>\n","protected":false},"author":1,"featured_media":0,"parent":0,"menu_order":0,"comment_status":"closed","ping_status":"closed","template":"","meta":{"footnotes":""},"class_list":["post-116","page","type-page","status-publish","hentry"],"yoast_head":"<!-- This site is optimized with the Yoast SEO plugin v27.0 - https:\/\/yoast.com\/product\/yoast-seo-wordpress\/ -->\n<title>Retourbeleid -<\/title>\n<meta name=\"robots\" content=\"index, follow, max-snippet:-1, max-image-preview:large, max-video-preview:-1\" \/>\n<link rel=\"canonical\" href=\"https:\/\/thebojobox.nl\/?page_id=116\" \/>\n<meta property=\"og:locale\" content=\"nl_NL\" \/>\n<meta property=\"og:type\" content=\"article\" \/>\n<meta property=\"og:title\" content=\"Retourbeleid -\" \/>\n<meta property=\"og:description\" content=\"Herroepingsrecht Omdat wij bederfelijke voedingsmiddelen verkopen, geldt geen herroepingsrecht na levering. Annuleren Annuleren is kosteloos mogelijk tot 24 uur v\u00f3\u00f3r verzending.Binnen 24 uur v\u00f3\u00f3r verzending kan het volledige bedrag in rekening worden gebracht. Klachten Klachten dienen binnen 24 uur na ontvangst gemeld te worden via info@thebojobox.nl, inclusief duidelijke foto\u2019s indien mogelijk. Wij zoeken altijd naar [&hellip;]\" \/>\n<meta property=\"og:url\" content=\"https:\/\/thebojobox.nl\/?page_id=116\" \/>\n<meta property=\"article:modified_time\" content=\"2026-02-19T08:14:28+00:00\" \/>\n<meta name=\"twitter:card\" content=\"summary_large_image\" \/>\n<meta name=\"twitter:label1\" content=\"Geschatte leestijd\" \/>\n\t<meta name=\"twitter:data1\" content=\"1 minuut\" \/>\n<script type=\"application\/ld+json\" class=\"yoast-schema-graph\">{\"@context\":\"https:\/\/schema.org\",\"@graph\":[{\"@type\":\"WebPage\",\"@id\":\"https:\/\/thebojobox.nl\/?page_id=116\",\"url\":\"https:\/\/thebojobox.nl\/?page_id=116\",\"name\":\"Retourbeleid -\",\"isPartOf\":{\"@id\":\"https:\/\/thebojobox.nl\/#website\"},\"datePublished\":\"2026-02-19T08:05:02+00:00\",\"dateModified\":\"2026-02-19T08:14:28+00:00\",\"breadcrumb\":{\"@id\":\"https:\/\/thebojobox.nl\/?page_id=116#breadcrumb\"},\"inLanguage\":\"nl-NL\",\"potentialAction\":[{\"@type\":\"ReadAction\",\"target\":[\"https:\/\/thebojobox.nl\/?page_id=116\"]}]},{\"@type\":\"BreadcrumbList\",\"@id\":\"https:\/\/thebojobox.nl\/?page_id=116#breadcrumb\",\"itemListElement\":[{\"@type\":\"ListItem\",\"position\":1,\"name\":\"Home\",\"item\":\"https:\/\/thebojobox.nl\/\"},{\"@type\":\"ListItem\",\"position\":2,\"name\":\"Retourbeleid\"}]},{\"@type\":\"WebSite\",\"@id\":\"https:\/\/thebojobox.nl\/#website\",\"url\":\"https:\/\/thebojobox.nl\/\",\"name\":\"\",\"description\":\"\",\"potentialAction\":[{\"@type\":\"SearchAction\",\"target\":{\"@type\":\"EntryPoint\",\"urlTemplate\":\"https:\/\/thebojobox.nl\/?s={search_term_string}\"},\"query-input\":{\"@type\":\"PropertyValueSpecification\",\"valueRequired\":true,\"valueName\":\"search_term_string\"}}],\"inLanguage\":\"nl-NL\"}]}<\/script>\n<!-- \/ Yoast SEO plugin. -->","yoast_head_json":{"title":"Retourbeleid -","robots":{"index":"index","follow":"follow","max-snippet":"max-snippet:-1","max-image-preview":"max-image-preview:large","max-video-preview":"max-video-preview:-1"},"canonical":"https:\/\/thebojobox.nl\/?page_id=116","og_locale":"nl_NL","og_type":"article","og_title":"Retourbeleid -","og_description":"Herroepingsrecht Omdat wij bederfelijke voedingsmiddelen verkopen, geldt geen herroepingsrecht na levering. Annuleren Annuleren is kosteloos mogelijk tot 24 uur v\u00f3\u00f3r verzending.Binnen 24 uur v\u00f3\u00f3r verzending kan het volledige bedrag in rekening worden gebracht. Klachten Klachten dienen binnen 24 uur na ontvangst gemeld te worden via info@thebojobox.nl, inclusief duidelijke foto\u2019s indien mogelijk. Wij zoeken altijd naar [&hellip;]","og_url":"https:\/\/thebojobox.nl\/?page_id=116","article_modified_time":"2026-02-19T08:14:28+00:00","twitter_card":"summary_large_image","twitter_misc":{"Geschatte leestijd":"1 minuut"},"schema":{"@context":"https:\/\/schema.org","@graph":[{"@type":"WebPage","@id":"https:\/\/thebojobox.nl\/?page_id=116","url":"https:\/\/thebojobox.nl\/?page_id=116","name":"Retourbeleid -","isPartOf":{"@id":"https:\/\/thebojobox.nl\/#website"},"datePublished":"2026-02-19T08:05:02+00:00","dateModified":"2026-02-19T08:14:28+00:00","breadcrumb":{"@id":"https:\/\/thebojobox.nl\/?page_id=116#breadcrumb"},"inLanguage":"nl-NL","potentialAction":[{"@type":"ReadAction","target":["https:\/\/thebojobox.nl\/?page_id=116"]}]},{"@type":"BreadcrumbList","@id":"https:\/\/thebojobox.nl\/?page_id=116#breadcrumb","itemListElement":[{"@type":"ListItem","position":1,"name":"Home","item":"https:\/\/thebojobox.nl\/"},{"@type":"ListItem","position":2,"name":"Retourbeleid"}]},{"@type":"WebSite","@id":"https:\/\/thebojobox.nl\/#website","url":"https:\/\/thebojobox.nl\/","name":"","description":"","potentialAction":[{"@type":"SearchAction","target":{"@type":"EntryPoint","urlTemplate":"https:\/\/thebojobox.nl\/?s={search_term_string}"},"query-input":{"@type":"PropertyValueSpecification","valueRequired":true,"valueName":"search_term_string"}}],"inLanguage":"nl-NL"}]}},"_links":{"self":[{"href":"https:\/\/thebojobox.nl\/index.php?rest_route=\/wp\/v2\/pages\/116","targetHints":{"allow":["GET"]}}],"collection":[{"href":"https:\/\/thebojobox.nl\/index.php?rest_route=\/wp\/v2\/pages"}],"about":[{"href":"https:\/\/thebojobox.nl\/index.php?rest_route=\/wp\/v2\/types\/page"}],"author":[{"embeddable":true,"href":"https:\/\/thebojobox.nl\/index.php?rest_route=\/wp\/v2\/users\/1"}],"replies":[{"embeddable":true,"href":"https:\/\/thebojobox.nl\/index.php?rest_route=%2Fwp%2Fv2%2Fcomments&post=116"}],"version-history":[{"count":1,"href":"https:\/\/thebojobox.nl\/index.php?rest_route=\/wp\/v2\/pages\/116\/revisions"}],"predecessor-version":[{"id":117,"href":"https:\/\/thebojobox.nl\/index.php?rest_route=\/wp\/v2\/pages\/116\/revisions\/117"}],"wp:attachment":[{"href":"https:\/\/thebojobox.nl\/index.php?rest_route=%2Fwp%2Fv2%2Fmedia&parent=116"}],"curies":[{"name":"wp","href":"https:\/\/api.w.org\/{rel}","templated":true}]}}